{"id":1490,"date":"2023-03-23T19:46:29","date_gmt":"2023-03-23T22:46:29","guid":{"rendered":"https:\/\/blackrat.pro\/blog\/?page_id=1490"},"modified":"2023-03-23T19:46:29","modified_gmt":"2023-03-23T22:46:29","slug":"sobre-nos","status":"publish","type":"page","link":"https:\/\/blackrat.pro\/blog\/sobre-nos\/","title":{"rendered":"Sobre N\u00f3s"},"content":{"rendered":"<p>Criado em janeiro de 2022, o F\u00f3rum Black Rat tem o objetivo de ser um ambiente virtual destinado ao compartilhamento de t\u00e9cnicas e m\u00e9todos de Black Hat SEO, principalmente devido \u00e0 alta demanda de brasileiros interessados em melhorar rapidamente os resultados no marketing digital.<\/p>\n<p>Al\u00e9m disso, o F\u00f3rum Black Rat \u00e9 um espa\u00e7o apropriado para o <i data-stringify-type=\"italic\">networking<\/i>\u00a0e para a troca de experi\u00eancias com os maiores\u00a0<i data-stringify-type=\"italic\">players<\/i>\u00a0do mercado nacional em\u00a0<i data-stringify-type=\"italic\">dropshipping<\/i>, PLR, lan\u00e7amentos, encapsulados, marketing de afiliados e gest\u00e3o de tr\u00e1fego.<\/p>\n<p>Apesar de pouco tempo no mercado, o F\u00f3rum Black Rat j\u00e1 conta com mais de 15 mil membros assinantes, tornando-se, assim, o maior f\u00f3rum do Brasil em Black Hat SEO.<\/p>\n<p>Temos orgulho de poder contribuir na trajet\u00f3ria profissional de diversos empreendedores com informa\u00e7\u00f5es exclusivas e atualizadas sobre o mercado do marketing digital.<\/p>\n","protected":false},"excerpt":{"rendered":"<p>Criado em janeiro de 2022, o F\u00f3rum Black Rat tem o objetivo de ser um ambiente virtual destinado ao compartilhamento de t\u00e9cnicas e m\u00e9todos de Black Hat SEO, principalmente devido \u00e0 alta demanda de brasileiros interessados em melhorar rapidamente os resultados no marketing digital. Al\u00e9m disso, o F\u00f3rum Black Rat \u00e9 um espa\u00e7o apropriado para [&hellip;]<\/p>\n","protected":false},"author":1,"featured_media":0,"parent":0,"menu_order":0,"comment_status":"closed","ping_status":"closed","template":"","meta":{"footnotes":""},"class_list":["post-1490","page","type-page","status-publish"],"_links":{"self":[{"href":"https:\/\/blackrat.pro\/blog\/wp-json\/wp\/v2\/pages\/1490","targetHints":{"allow":["GET"]}}],"collection":[{"href":"https:\/\/blackrat.pro\/blog\/wp-json\/wp\/v2\/pages"}],"about":[{"href":"https:\/\/blackrat.pro\/blog\/wp-json\/wp\/v2\/types\/page"}],"author":[{"embeddable":true,"href":"https:\/\/blackrat.pro\/blog\/wp-json\/wp\/v2\/users\/1"}],"replies":[{"embeddable":true,"href":"https:\/\/blackrat.pro\/blog\/wp-json\/wp\/v2\/comments?post=1490"}],"version-history":[{"count":1,"href":"https:\/\/blackrat.pro\/blog\/wp-json\/wp\/v2\/pages\/1490\/revisions"}],"predecessor-version":[{"id":1501,"href":"https:\/\/blackrat.pro\/blog\/wp-json\/wp\/v2\/pages\/1490\/revisions\/1501"}],"wp:attachment":[{"href":"https:\/\/blackrat.pro\/blog\/wp-json\/wp\/v2\/media?parent=1490"}],"curies":[{"name":"wp","href":"https:\/\/api.w.org\/{rel}","templated":true}]}}